{"id":93,"date":"2023-09-21T22:18:03","date_gmt":"2023-09-22T01:18:03","guid":{"rendered":"http:\/\/protecaodacabeca.com.br\/\/?post_type=product&#038;p=93"},"modified":"2026-02-19T11:03:41","modified_gmt":"2026-02-19T14:03:41","slug":"bone-com-casquete-cap-machine-preto","status":"publish","type":"product","link":"https:\/\/protecaodacabeca.com.br\/index.php\/produto\/bone-com-casquete-cap-machine-preto\/","title":{"rendered":"BON\u00c9 COM CASQUETE &#8211; CAP MACHINE &#8211; PRETO"},"content":{"rendered":"<p>Os Bon\u00e9s com Casquetes BIOPROT\u00a0\u00a0modelo CAP MACHINE GOLD \u00e9 perfeito para funcion\u00e1rios que trabalham na manuten\u00e7\u00e3o de m\u00e1quinas e equipamentos ou que acessam\/trabalham em espa\u00e7os confinados. Sua aba curta n\u00e3o atrapalha no processo e a jugular auxilia a manter o bon\u00e9 fixo na cabe\u00e7a em posi\u00e7\u00f5es criticas.<\/p>\n<p>TECIDO Tecido em Microfibra de alta gramatura. \u00d3timo aspecto, maior durabilidade e alta resist\u00eancia aos agentes abrasivos dos processos industriais e as constantes lavagens.<\/p>\n<p><strong>ABA<\/strong><\/p>\n<p>3cm<\/p>\n<p><strong>JUGULAR<\/strong><\/p>\n<p>Confeccionada em fios de Poliamida para garantir a maciez ao toque.<\/p>\n<p><strong>COR DO TECIDO<\/strong><\/p>\n<p>Preto<\/p>\n<p><strong>CASQUETE GOLD<\/strong><\/p>\n<p>Remov\u00edvel, Injetado em ABS, pol\u00edmero de alto desempenho e resist\u00eancia. Maior prote\u00e7\u00e3o ao trabalhador contra riscos de escoria\u00e7\u00f5es e agentes abrasivos na cabe\u00e7a, provocadas por impactos e rasp\u00f5es em estruturas e equipamentos.<\/p>\n<p><strong>ESPUMA GOLD<\/strong><\/p>\n<p>A espuma de conforto com relevos que impede que o casquete fique rente a cabe\u00e7a. O layout em &#8220;gomos&#8221; foi desenhado para promover a troca de calor interno. A espuma \u00e9 fixada no casquete atrav\u00e9s de garras.<\/p>\n<p><strong>AJUSTE<\/strong><\/p>\n<p>Em velcro proporciona regulagem e fixa\u00e7\u00e3o do bon\u00e9 na cabe\u00e7a. 9 &#8211; DRY CONFORT Absorve o suor e impede que a umidade fique em contato com a pele do usu\u00e1rio.<\/p>\n<p><strong>CA: 38.352 <\/strong><\/p>\n<p><strong>NORMAS APLIC\u00c1VEIS EN 812 e NBR 11.611<\/strong><\/p>\n<p><strong>RAMOS DE ATIVIDADES<\/strong><\/p>\n<p>Bioenergia, usinas, montadoras, prestadoras de servi\u00e7os de manuten\u00e7\u00e3o e faciliteis e etc<\/p>\n<p><strong>EXEMPLOS DE \u00daTILIZA\u00c7\u00c3O<\/strong><\/p>\n<p>Modelo desenvolvido especialmente para funcion\u00e1rios que trabalham em atividades onde o acesso \u00e9 restrito como montagem e manuten\u00e7\u00e3o de autos, m\u00e1quinas, equipamentos. Atividades desenvolvidas em espa\u00e7os confinados e:<\/p>\n<p>\u2022 Acesso a espa\u00e7os restritos e em diferen\u00e7as de n\u00edveis;<\/p>\n<p>\u2022 Locais onde existam objetos ou equipamentos suspensos;<\/p>\n<p>\u2022 Acessos e passagens estreitas de diferentes alturas;<\/p>\n<p>\u2022 Tipicamente utilizado em ambientes de trabalho onde o usu\u00e1rio est\u00e1 em contato com ferramentas e m\u00e1quinas est\u00e1ticas e corre o risco de ter impactos laterais na cabe\u00e7a.<\/p>\n","protected":false},"excerpt":{"rendered":"<p>Os Bon\u00e9s com Casquetes BIOPROT modelo CAP MACHINE GOLD \u00e9 perfeito para funcion\u00e1rios que trabalham na manuten\u00e7\u00e3o de m\u00e1quinas e equipamentos ou que acessam\/trabalham em espa\u00e7os confinados. Sua aba curta n\u00e3o atrapalha no processo e a jugular auxilia a manter o bon\u00e9 fixo na cabe\u00e7a em posi\u00e7\u00f5es criticas.<\/p>\n","protected":false},"featured_media":94,"comment_status":"open","ping_status":"closed","template":"","meta":[],"product_brand":[],"product_cat":[29],"product_tag":[],"class_list":{"0":"post-93","1":"product","2":"type-product","3":"status-publish","4":"has-post-thumbnail","6":"product_cat-bones-com-casquete","8":"first","9":"instock","10":"featured","11":"shipping-taxable","12":"purchasable","13":"product-type-simple"},"_links":{"self":[{"href":"https:\/\/protecaodacabeca.com.br\/index.php\/wp-json\/wp\/v2\/product\/93","targetHints":{"allow":["GET"]}}],"collection":[{"href":"https:\/\/protecaodacabeca.com.br\/index.php\/wp-json\/wp\/v2\/product"}],"about":[{"href":"https:\/\/protecaodacabeca.com.br\/index.php\/wp-json\/wp\/v2\/types\/product"}],"replies":[{"embeddable":true,"href":"https:\/\/protecaodacabeca.com.br\/index.php\/wp-json\/wp\/v2\/comments?post=93"}],"wp:featuredmedia":[{"embeddable":true,"href":"https:\/\/protecaodacabeca.com.br\/index.php\/wp-json\/wp\/v2\/media\/94"}],"wp:attachment":[{"href":"https:\/\/protecaodacabeca.com.br\/index.php\/wp-json\/wp\/v2\/media?parent=93"}],"wp:term":[{"taxonomy":"product_brand","embeddable":true,"href":"https:\/\/protecaodacabeca.com.br\/index.php\/wp-json\/wp\/v2\/product_brand?post=93"},{"taxonomy":"product_cat","embeddable":true,"href":"https:\/\/protecaodacabeca.com.br\/index.php\/wp-json\/wp\/v2\/product_cat?post=93"},{"taxonomy":"product_tag","embeddable":true,"href":"https:\/\/protecaodacabeca.com.br\/index.php\/wp-json\/wp\/v2\/product_tag?post=93"}],"curies":[{"name":"wp","href":"https:\/\/api.w.org\/{rel}","templated":true}]}}