{"id":481,"date":"2023-11-03T12:01:51","date_gmt":"2023-11-03T15:01:51","guid":{"rendered":"https:\/\/protecaodacabeca.com.br\/?post_type=product&#038;p=481"},"modified":"2026-01-07T10:40:16","modified_gmt":"2026-01-07T13:40:16","slug":"bone-brigadacom-casquete","status":"publish","type":"product","link":"https:\/\/protecaodacabeca.com.br\/index.php\/produto\/bone-brigadacom-casquete\/","title":{"rendered":"BONE BRIGADA COM CASQUETE"},"content":{"rendered":"<p>O Bon\u00e9 com Casquete personalizado com as cores e bras\u00e3o da BRIGADA \u00e9 a forma diferenciada e mais evidente para identificar este grupo. Al\u00e9m de ser um \u201cEPI\u201d a personaliza\u00e7\u00e3o auxilia visualizar com qual grupo \u00e9 melhor abordar de acordo com a emerg\u00eancia ou risco.<\/p>\n<p><strong>TECIDO<\/strong><\/p>\n<p>Tecido em Microfibra de alta gramatura. \u00d3timo aspecto, maior durabilidade e alta resist\u00eancia aos agentes abrasivos dos processos industriais e as constantes lavagens.<\/p>\n<p>&nbsp;<\/p>\n<p><strong>COR DO TECIDO<\/strong><\/p>\n<p>Vermelho<\/p>\n<p><strong>CASQUETE GOLD<\/strong><\/p>\n<p>Remov\u00edvel, Injetado em ABS, pol\u00edmero de alto desempenho e resist\u00eancia. Maior prote\u00e7\u00e3o ao trabalhador contra riscos de escoria\u00e7\u00f5es e agentes abrasivos na cabe\u00e7a, provocadas por impactos e rasp\u00f5es em estruturas e equipamentos.<\/p>\n<p><strong>ESPUMA GOLD<\/strong><\/p>\n<p>A espuma de conforto com relevos que impede que o casquete fique rente a cabe\u00e7a. O layout em &#8216;gomos&#8217; foi desenhado para promover a troca de calor interno. A espuma \u00e9 fixada no casquete atrav\u00e9s de garras.<\/p>\n<p><strong>AJUSTE<\/strong><\/p>\n<p>Tecido em Microfibra de alta gramatura. \u00d3timo aspecto, maior durabilidade e alta resist\u00eancia aos agentes abrasivos dos processos industriais e as constantes lavagens.<\/p>\n<p><strong>DRY CONFORT<\/strong><\/p>\n<p>Absorve o suor e impede que a umidade fique em contato com a pele do usu\u00e1rio.<\/p>\n<p><strong>CA:<\/strong><\/p>\n<p>38.352<\/p>\n<p><strong>NORMAS APLIC\u00c1VEIS<\/strong><\/p>\n<p>EN 812 e NBR 11.611<\/p>\n<p><strong>RAMOS DE ATIVIDADES<\/strong><\/p>\n<p>Gr\u00e1ficas, metal mec\u00e2nicas, companhias a\u00e9reas; automotivo (montadora e autope\u00e7as); agro-aliment\u00edcio; usinas, Ind\u00fastria de bebidas, eletroeletr\u00f4nica, auto centers, concession\u00e1rias, oficinas de reparos mec\u00e2nicos de autos em geral. Presta\u00e7\u00e3o de servi\u00e7os de manuten\u00e7\u00e3o, limpeza industrial e outras.<\/p>\n<p><strong>EXEMPLOS DE UTILIZA\u00c7\u00c3O<\/strong><\/p>\n<p>\u2022 Acesso a espa\u00e7os restritos e em diferen\u00e7as de n\u00edveis;<\/p>\n<p>\u2022 Locais onde existam objetos ou equipamentos suspensos;<\/p>\n<p>\u2022 Escadas onde h\u00e1 diferentes n\u00edveis com possibilidade de impactos leves na cabe\u00e7a;<\/p>\n<p>\u2022 Trabalhos de vigil\u00e2ncia onde h\u00e1 sa\u00eddas e entradas de guaritas;<\/p>\n<p>\u2022 Acessos e passagens estreitas de diferentes alturas;<\/p>\n<p>\u2022 Tipicamente utilizado em ambientes de trabalho onde o usu\u00e1rio est\u00e1 em contato com ferramentas e m\u00e1quinas est\u00e1ticas e corre o risco de ter impactos laterais na cabe\u00e7a.<\/p>\n","protected":false},"excerpt":{"rendered":"<p>O Bon\u00e9 com Casquete personalizado com as cores e bras\u00e3o da CIPA \u00e9 a forma diferenciada e mais evidente para identificar este grupo. Al\u00e9m de ser um \u201cEPI\u201d a personaliza\u00e7\u00e3o auxilia visualizar com qual grupo \u00e9 melhor abordar de acordo com a emerg\u00eancia ou risco.<\/p>\n","protected":false},"featured_media":479,"comment_status":"open","ping_status":"closed","template":"","meta":[],"product_brand":[],"product_cat":[29],"product_tag":[],"class_list":{"0":"post-481","1":"product","2":"type-product","3":"status-publish","4":"has-post-thumbnail","6":"product_cat-bones-com-casquete","8":"first","9":"instock","10":"featured","11":"shipping-taxable","12":"purchasable","13":"product-type-simple"},"_links":{"self":[{"href":"https:\/\/protecaodacabeca.com.br\/index.php\/wp-json\/wp\/v2\/product\/481","targetHints":{"allow":["GET"]}}],"collection":[{"href":"https:\/\/protecaodacabeca.com.br\/index.php\/wp-json\/wp\/v2\/product"}],"about":[{"href":"https:\/\/protecaodacabeca.com.br\/index.php\/wp-json\/wp\/v2\/types\/product"}],"replies":[{"embeddable":true,"href":"https:\/\/protecaodacabeca.com.br\/index.php\/wp-json\/wp\/v2\/comments?post=481"}],"wp:featuredmedia":[{"embeddable":true,"href":"https:\/\/protecaodacabeca.com.br\/index.php\/wp-json\/wp\/v2\/media\/479"}],"wp:attachment":[{"href":"https:\/\/protecaodacabeca.com.br\/index.php\/wp-json\/wp\/v2\/media?parent=481"}],"wp:term":[{"taxonomy":"product_brand","embeddable":true,"href":"https:\/\/protecaodacabeca.com.br\/index.php\/wp-json\/wp\/v2\/product_brand?post=481"},{"taxonomy":"product_cat","embeddable":true,"href":"https:\/\/protecaodacabeca.com.br\/index.php\/wp-json\/wp\/v2\/product_cat?post=481"},{"taxonomy":"product_tag","embeddable":true,"href":"https:\/\/protecaodacabeca.com.br\/index.php\/wp-json\/wp\/v2\/product_tag?post=481"}],"curies":[{"name":"wp","href":"https:\/\/api.w.org\/{rel}","templated":true}]}}