{"id":402,"date":"2023-09-21T23:21:12","date_gmt":"2023-09-22T02:21:12","guid":{"rendered":"http:\/\/protecaodacabeca.com.br\/\/?post_type=product&#038;p=402"},"modified":"2026-01-07T10:40:17","modified_gmt":"2026-01-07T13:40:17","slug":"visor-prot","status":"publish","type":"product","link":"https:\/\/protecaodacabeca.com.br\/index.php\/produto\/visor-prot\/","title":{"rendered":"VISOR PROT"},"content":{"rendered":"<p>O VISOR PROT foi projetado para ser utilizado com o Bon\u00e9 com Casquete BIOPROT e desenvolvido para fornecer um n\u00edvel maior de prote\u00e7\u00e3o pessoal contra respingos de material biol\u00f3gico e evitar contamina\u00e7\u00e3o dos produtos a serem manuseados.<\/p>\n<p><strong>Caracter\u00edsticas<\/strong><\/p>\n<p>&#8211; O Visor Prot \u00e9 compat\u00edvel com todos os modelos de bon\u00e9s com casquete da BIOPROT com aba de 5cm ou 7cm.<\/p>\n<p>&#8211; Mais seguran\u00e7a contra respingos biol\u00f3gicos sem perder a seguran\u00e7a que o bon\u00e9 com casquete BIOPROT oferece.<\/p>\n<p>&#8211; Laminado transparente de 0,75 mm<\/p>\n<p>&#8211; Adaptador com presilhas para fixar na aba do bon\u00e9 com casquete BIOPROT com facilidade.<\/p>\n<p><strong>Medidas<\/strong><\/p>\n<p>Altura: 200mm<\/p>\n<p>Largura: 140mm<\/p>\n<p>Aba Lateral: 40mm<\/p>\n<p>Profundidade do encaixe: 25mm<\/p>\n<p><strong>Produto em conformidade com crit\u00e9rios ABNT NBR ISO 13688:2017<\/strong><\/p>\n<p><strong>Ramos de atividade<\/strong><\/p>\n<p>Industrias de alimentos, ind\u00fastria de bebidas, farmac\u00eauticas, industrias de embalagens para alimentos e f\u00e1rmacos, restaurantes e todo processo que necessite de controle ou sob normas de Boas Praticas de Fabrica\u00e7\u00e3o (BPF).<\/p>\n<p><strong>Exemplos de Utiliza\u00e7\u00e3o<\/strong><\/p>\n<p>Tipicamente utilizado em ambientes de trabalho que h\u00e1 controle das normas de Boas Praticas de Fabrica\u00e7\u00e3o (BPF) e necessidade de prote\u00e7\u00e3o aos funcion\u00e1rios.<\/p>\n<p><strong>Restri\u00e7\u00f5es<\/strong><\/p>\n<p>-Este visor n\u00e3o \u00e9 aprovado contra proje\u00e7\u00f5es de part\u00edculas volantes proveniente de processos industriais, raios ultravioleta, infravermelho, luz Intensa e soldagem e processos similares;<\/p>\n<p>-Este visor n\u00e3o dispensa o uso de mascara de prote\u00e7\u00e3o<\/p>\n","protected":false},"excerpt":{"rendered":"<p>O VISOR PROT foi projetado para ser utilizado com o Bon\u00e9 com Casquete BIOPROT e desenvolvido para fornecer um n\u00edvel maior de prote\u00e7\u00e3o pessoal contra respingos de material biol\u00f3gico e evitar contamina\u00e7\u00e3o dos produtos a serem manuseados<\/p>\n","protected":false},"featured_media":408,"comment_status":"open","ping_status":"closed","template":"","meta":[],"product_brand":[],"product_cat":[29],"product_tag":[],"class_list":{"0":"post-402","1":"product","2":"type-product","3":"status-publish","4":"has-post-thumbnail","6":"product_cat-bones-com-casquete","8":"first","9":"outofstock","10":"shipping-taxable","11":"purchasable","12":"product-type-simple"},"_links":{"self":[{"href":"https:\/\/protecaodacabeca.com.br\/index.php\/wp-json\/wp\/v2\/product\/402","targetHints":{"allow":["GET"]}}],"collection":[{"href":"https:\/\/protecaodacabeca.com.br\/index.php\/wp-json\/wp\/v2\/product"}],"about":[{"href":"https:\/\/protecaodacabeca.com.br\/index.php\/wp-json\/wp\/v2\/types\/product"}],"replies":[{"embeddable":true,"href":"https:\/\/protecaodacabeca.com.br\/index.php\/wp-json\/wp\/v2\/comments?post=402"}],"wp:featuredmedia":[{"embeddable":true,"href":"https:\/\/protecaodacabeca.com.br\/index.php\/wp-json\/wp\/v2\/media\/408"}],"wp:attachment":[{"href":"https:\/\/protecaodacabeca.com.br\/index.php\/wp-json\/wp\/v2\/media?parent=402"}],"wp:term":[{"taxonomy":"product_brand","embeddable":true,"href":"https:\/\/protecaodacabeca.com.br\/index.php\/wp-json\/wp\/v2\/product_brand?post=402"},{"taxonomy":"product_cat","embeddable":true,"href":"https:\/\/protecaodacabeca.com.br\/index.php\/wp-json\/wp\/v2\/product_cat?post=402"},{"taxonomy":"product_tag","embeddable":true,"href":"https:\/\/protecaodacabeca.com.br\/index.php\/wp-json\/wp\/v2\/product_tag?post=402"}],"curies":[{"name":"wp","href":"https:\/\/api.w.org\/{rel}","templated":true}]}}