{"id":390,"date":"2023-09-21T23:21:04","date_gmt":"2023-09-22T02:21:04","guid":{"rendered":"http:\/\/protecaodacabeca.com.br\/\/?post_type=product&#038;p=390"},"modified":"2026-01-13T13:14:53","modified_gmt":"2026-01-13T16:14:53","slug":"bone-com-casquete-prime-preto","status":"publish","type":"product","link":"https:\/\/protecaodacabeca.com.br\/index.php\/produto\/bone-com-casquete-prime-preto\/","title":{"rendered":"BON\u00c9 COM CASQUETE &#8211; PRIME &#8211; PRETO"},"content":{"rendered":"<p>O PRIME GOLD BIOPROT \u00e9 compar\u00e1vel aos modelos importados dispon\u00edveis no mercado Europeu e Americano e foi desenvolvido para empresas que precisam de uma modelagem mais destacada. A aplica\u00e7\u00e3o de refletivo auxilia na visualiza\u00e7\u00e3o do funcion\u00e1rio em \u00e1rea de circula\u00e7\u00e3o de m\u00e1quinas e equipamentos. O ajuste deste modelo tamb\u00e9m \u00e9 diferenciado, \u00e9 realizado por tira tensora e fecho injetado em Nylon.<\/p>\n<p>TECIDO<\/p>\n<p>Tecido em Microfibra de alta gramatura. \u00d3timo aspecto, maior durabilidade e alta resist\u00eancia aos agentes abrasivos dos processos industriais e as constantes lavagens.<\/p>\n<p>ABA<\/p>\n<p>5 cm.<\/p>\n<p>REFLETIVO<\/p>\n<p>Aplicado na C\u00fapula e na Aba do Bon\u00e9. Atende padr\u00f5es de reflet\u00e2ncia.<\/p>\n<p>COR DO TECIDO<\/p>\n<p>Preto<\/p>\n<p>CASQUETE GOLD<\/p>\n<p>Remov\u00edvel, Injetado em ABS, pol\u00edmero de alto desempenho e resist\u00eancia. Maior prote\u00e7\u00e3o ao trabalhador contra riscos de escoria\u00e7\u00f5es e agentes abrasivos na cabe\u00e7a, provocadas por impactos e rasp\u00f5es em estruturas e equipamentos.<\/p>\n<p>ESPUMA GOLD<\/p>\n<p>A espuma de conforto com relevos que impede que o casquete fique rente a cabe\u00e7a. O layout em &#8220;gomos&#8221; foi desenhado para promover a troca de calor interno. A espuma \u00e9 fixada no casquete atrav\u00e9s de garras.<\/p>\n<p>AJUSTE<\/p>\n<p>Em tira tensora e fecho injetado em Nylon. Acoplagem r\u00e1pida, fixa\u00e7\u00e3o e estabilidade do bon\u00e9 na cabe\u00e7a..<\/p>\n<p>DRY CONFORT<\/p>\n<p>Absorve o suor e impede que a umidade fique em contato com a pele do usu\u00e1rio. CA: 38.352 NORMAS APLIC\u00c1VEIS EN 812 e NBR 11.611<\/p>\n<p>RAMOS DE ATIVIDADES<\/p>\n<p>Companhias a\u00e9reas; automotivo (montadora e autope\u00e7as); metal mec\u00e2nicas; agro aliment\u00edcio; usinas, Ind\u00fastria de bebidas, eletroeletr\u00f4nica, auto centers, concession\u00e1rias, oficinas de reparos mec\u00e2nicos de autos em geral. Presta\u00e7\u00e3o de servi\u00e7os de manuten\u00e7\u00e3o, limpeza industrial e outras.<\/p>\n<p>EXEMPLOS DE \u00daTILIZA\u00c7\u00c3O<\/p>\n<p>\u2022 Acesso a espa\u00e7os restritos e em diferen\u00e7as de n\u00edveis como partes internas de m\u00e1quinas e equipamentos, sob esteiras etc;<\/p>\n<p>\u2022 Locais onde existam objetos ou equipamentos suspensos, estruturas de m\u00e1quinas, gancheiras e outros componentes;<\/p>\n<p>\u2022 Escadas onde h\u00e1 diferentes n\u00edveis com possibilidade de impactos leves na cabe\u00e7a;<\/p>\n<p>\u2022 Acessos e passagens estreitas de diferentes alturas;<\/p>\n<p>\u2022 Tipicamente utilizado em ambientes de trabalho onde o usu\u00e1rio est\u00e1 em contato com ferramentas e m\u00e1quinas est\u00e1ticas e corre o risco de ter impactos laterais na cabe\u00e7a.<\/p>\n","protected":false},"excerpt":{"rendered":"<p>O PRIME GOLD BIOPROT \u00e9 compar\u00e1vel aos modelos importados dispon\u00edveis no mercado Europeu e Americano e foi desenvolvido para empresas que precisam de uma modelagem mais destacada. A aplica\u00e7\u00e3o de refletivo auxilia na visualiza\u00e7\u00e3o do funcion\u00e1rio em \u00e1rea de circula\u00e7\u00e3o de m\u00e1quinas e equipamentos. O ajuste deste modelo tamb\u00e9m \u00e9 diferenciado, \u00e9 realizado por tira tensora e fecho injetado em Nylon.<\/p>\n","protected":false},"featured_media":417,"comment_status":"open","ping_status":"closed","template":"","meta":[],"product_brand":[],"product_cat":[29],"product_tag":[],"class_list":{"0":"post-390","1":"product","2":"type-product","3":"status-publish","4":"has-post-thumbnail","6":"product_cat-bones-com-casquete","8":"first","9":"instock","10":"shipping-taxable","11":"purchasable","12":"product-type-simple"},"_links":{"self":[{"href":"https:\/\/protecaodacabeca.com.br\/index.php\/wp-json\/wp\/v2\/product\/390","targetHints":{"allow":["GET"]}}],"collection":[{"href":"https:\/\/protecaodacabeca.com.br\/index.php\/wp-json\/wp\/v2\/product"}],"about":[{"href":"https:\/\/protecaodacabeca.com.br\/index.php\/wp-json\/wp\/v2\/types\/product"}],"replies":[{"embeddable":true,"href":"https:\/\/protecaodacabeca.com.br\/index.php\/wp-json\/wp\/v2\/comments?post=390"}],"wp:featuredmedia":[{"embeddable":true,"href":"https:\/\/protecaodacabeca.com.br\/index.php\/wp-json\/wp\/v2\/media\/417"}],"wp:attachment":[{"href":"https:\/\/protecaodacabeca.com.br\/index.php\/wp-json\/wp\/v2\/media?parent=390"}],"wp:term":[{"taxonomy":"product_brand","embeddable":true,"href":"https:\/\/protecaodacabeca.com.br\/index.php\/wp-json\/wp\/v2\/product_brand?post=390"},{"taxonomy":"product_cat","embeddable":true,"href":"https:\/\/protecaodacabeca.com.br\/index.php\/wp-json\/wp\/v2\/product_cat?post=390"},{"taxonomy":"product_tag","embeddable":true,"href":"https:\/\/protecaodacabeca.com.br\/index.php\/wp-json\/wp\/v2\/product_tag?post=390"}],"curies":[{"name":"wp","href":"https:\/\/api.w.org\/{rel}","templated":true}]}}