{"id":384,"date":"2023-09-21T23:21:03","date_gmt":"2023-09-22T02:21:03","guid":{"rendered":"http:\/\/protecaodacabeca.com.br\/\/?post_type=product&#038;p=384"},"modified":"2026-01-07T10:40:18","modified_gmt":"2026-01-07T13:40:18","slug":"capacete-msa-v-gard-branco","status":"publish","type":"product","link":"https:\/\/protecaodacabeca.com.br\/index.php\/produto\/capacete-msa-v-gard-branco\/","title":{"rendered":"CAPACETE MSA V-GARD &#8211; BRANCO"},"content":{"rendered":"<p>Capacete V-Gard com Jugular MSA<\/p>\n<p>Especifica\u00e7\u00f5es:<\/p>\n<ul>\n<li>Suspens\u00e3o Push-Key em Tecido<\/li>\n<li>Possui fendas laterais (Slot) para que sejam acoplados protetores faciais e auditivos<\/li>\n<li>N\u00e3o sendo condutor de corrente el\u00e9trica e com alta resist\u00eancia diel\u00e9trica<\/li>\n<li>Carneira confeccionada em pl\u00e1stico<\/li>\n<li>Aparador de suor<\/li>\n<li>Cor: Branco<\/li>\n<li>C.A: 498Aplica\u00e7\u00e3o Sugerida:<\/li>\n<li>Ind\u00fastrias em geral: agricultura, qu\u00edmica, constru\u00e7\u00e3o, utilidades el\u00e9tricas, minera\u00e7\u00e3o, nuclear, \u00f3leo e g\u00e1s, papel e celulose, metal\u00fargica.Informa\u00e7\u00f5es Adicionais:<\/li>\n<li>Fotos meramente ilustrativas<\/li>\n<li>Itens decorativo n\u00e3o acompanham o produto<\/li>\n<li>Os pre\u00e7os podem sofrer altera\u00e7\u00f5es de acordo com a cor ou tamanho<\/li>\n<li>Antes de comprar qualquer produto, favor verificar a validade do CA no site do Minist\u00e9rio do Trabalho.<\/li>\n<\/ul>\n","protected":false},"excerpt":{"rendered":"<p>Suspens\u00e3o Push-Key em Tecido<\/p>\n<p>Possui fendas laterais (Slot) para que sejam acoplados protetores faciais e auditivos<\/p>\n<p>N\u00e3o sendo condutor de corrente el\u00e9trica e com alta resist\u00eancia diel\u00e9trica<\/p>\n<p>Carneira confeccionada em pl\u00e1stico<\/p>\n<p>Aparador de suor<\/p>\n","protected":false},"featured_media":428,"comment_status":"open","ping_status":"closed","template":"","meta":[],"product_brand":[],"product_cat":[32],"product_tag":[],"class_list":{"0":"post-384","1":"product","2":"type-product","3":"status-publish","4":"has-post-thumbnail","6":"product_cat-capacetes","8":"first","9":"instock","10":"shipping-taxable","11":"purchasable","12":"product-type-simple"},"_links":{"self":[{"href":"https:\/\/protecaodacabeca.com.br\/index.php\/wp-json\/wp\/v2\/product\/384","targetHints":{"allow":["GET"]}}],"collection":[{"href":"https:\/\/protecaodacabeca.com.br\/index.php\/wp-json\/wp\/v2\/product"}],"about":[{"href":"https:\/\/protecaodacabeca.com.br\/index.php\/wp-json\/wp\/v2\/types\/product"}],"replies":[{"embeddable":true,"href":"https:\/\/protecaodacabeca.com.br\/index.php\/wp-json\/wp\/v2\/comments?post=384"}],"wp:featuredmedia":[{"embeddable":true,"href":"https:\/\/protecaodacabeca.com.br\/index.php\/wp-json\/wp\/v2\/media\/428"}],"wp:attachment":[{"href":"https:\/\/protecaodacabeca.com.br\/index.php\/wp-json\/wp\/v2\/media?parent=384"}],"wp:term":[{"taxonomy":"product_brand","embeddable":true,"href":"https:\/\/protecaodacabeca.com.br\/index.php\/wp-json\/wp\/v2\/product_brand?post=384"},{"taxonomy":"product_cat","embeddable":true,"href":"https:\/\/protecaodacabeca.com.br\/index.php\/wp-json\/wp\/v2\/product_cat?post=384"},{"taxonomy":"product_tag","embeddable":true,"href":"https:\/\/protecaodacabeca.com.br\/index.php\/wp-json\/wp\/v2\/product_tag?post=384"}],"curies":[{"name":"wp","href":"https:\/\/api.w.org\/{rel}","templated":true}]}}