{"id":381,"date":"2023-09-21T23:21:03","date_gmt":"2023-09-22T02:21:03","guid":{"rendered":"http:\/\/protecaodacabeca.com.br\/\/?post_type=product&#038;p=381"},"modified":"2026-01-16T09:08:42","modified_gmt":"2026-01-16T12:08:42","slug":"capuz-soldador-com-casquete","status":"publish","type":"product","link":"https:\/\/protecaodacabeca.com.br\/index.php\/produto\/capuz-soldador-com-casquete\/","title":{"rendered":"CAPUZ SOLDADOR COM CASQUETE"},"content":{"rendered":"<p>A modelagem Capuz com Casquete BIOPROT, sem aba e com tirantes para fixar na carneira protetor facial garantem maior estabilidade ao conjunto. S\u00e3o leves e proporcionam ao usu\u00e1rio maior conforto ao uso. As palas deste modelo para prote\u00e7\u00e3o a nuca e pesco\u00e7o garante perfeito ajuste e impede que respingos caiam no interior do capuz. Resistem \u00e0 abras\u00e3o dos processos industriais e as frequentes lavagens.<\/p>\n<p><strong>TECIDO<\/strong><\/p>\n<p>Tecido antichama resistente a fagulhas e respingos provenientes de processo de solda e corte \u00e0 quente.<\/p>\n<p><strong>TIRANTES DE FIXA\u00c7\u00c3O<\/strong><\/p>\n<p>Desenvolvidos para fixar na suspens\u00e3o da mascara de solda. Garante mais estabilidade para o conjunto.<\/p>\n<p><strong>PALA<\/strong><\/p>\n<p>Pala Transpassada. Protege a nuca e pesco\u00e7o com fechamento frontal com Velcro antichama.<\/p>\n<p><strong>CASQUETE GOLD<\/strong><\/p>\n<p>Remov\u00edvel, Injetado em ABS, pol\u00edmero de alto desempenho e resist\u00eancia. Maior prote\u00e7\u00e3o ao trabalhador contra riscos de escoria\u00e7\u00f5es e agentes abrasivos na cabe\u00e7a, provocadas por impactos e rasp\u00f5es em estruturas e equipamentos.<\/p>\n<p><strong>ESPUMA GOLD<\/strong><\/p>\n<p>A espuma de conforto com relevos que impede que o casquete fique rente a cabe\u00e7a. O layout em &#8220;gomos&#8221; foi desenhado para promover a troca de calor interno. A espuma \u00e9 fixada no casquete atrav\u00e9s de garras.<\/p>\n<p><strong>AJUSTE<\/strong><\/p>\n<p>Com el\u00e1stico interno garante fixa\u00e7\u00e3o e estabilidade do capuz na cabe\u00e7a..<\/p>\n<p><strong>DRY CONFORT<\/strong><\/p>\n<p>Absorve o suor e impede que a umidade fique em contato com a pele do usu\u00e1rio.<\/p>\n<p><strong>CA: 39.573 <\/strong><\/p>\n<p><strong>NORMAS APLIC\u00c1VEIS EN 812 eNBR 11.611\/11.612<\/strong><\/p>\n<p><strong>RAMOS DE ATIVIDADES<\/strong><\/p>\n<p>Metal mec\u00e2nicas, montadoras, bioenergias, empresas de presta\u00e7\u00e3o de servi\u00e7os em manuten\u00e7\u00e3o, serralherias e etc<\/p>\n<p><strong> EXEMPLOS DE \u00daTILIZA\u00c7\u00c3O<\/strong><\/p>\n<p>Modelo exclusivo para prote\u00e7\u00e3o do cr\u00e2nio e pesco\u00e7o do usu\u00e1rio contra agentes escoriantes e abrasivos e agentes t\u00e9rmicos provenientes de processos \u00e0 quente como solda e corte de metais desenvolvidos em:<\/p>\n<p>\u2022 \u00c1rea mec\u00e2nica na manuten\u00e7\u00e3o de m\u00e1quinas em industrias da Agro industria;<\/p>\n<p>\u2022 Processos industriais com presen\u00e7a de agentes t\u00e9rmicos; Obs. O modelo sem aba e ou com aba curta possibilita o uso conjugado com protetores faciais e mascaras de solda.<\/p>\n","protected":false},"excerpt":{"rendered":"<p>A modelagem Capuz com Casquete BIOPROT, sem aba e com tirantes para fixar na carneira protetor facial garantem maior estabilidade ao conjunto. S\u00e3o leves e proporcionam ao usu\u00e1rio maior conforto ao uso. As palas deste modelo para prote\u00e7\u00e3o a nuca e pesco\u00e7o garante perfeito ajuste e impede que respingos caiam no interior do capuz. Resistem \u00e0 abras\u00e3o dos processos industriais e as frequentes lavagens.<\/p>\n","protected":false},"featured_media":406,"comment_status":"open","ping_status":"closed","template":"","meta":[],"product_brand":[],"product_cat":[31],"product_tag":[],"class_list":{"0":"post-381","1":"product","2":"type-product","3":"status-publish","4":"has-post-thumbnail","6":"product_cat-capuz-soldador","8":"first","9":"instock","10":"shipping-taxable","11":"purchasable","12":"product-type-simple"},"_links":{"self":[{"href":"https:\/\/protecaodacabeca.com.br\/index.php\/wp-json\/wp\/v2\/product\/381","targetHints":{"allow":["GET"]}}],"collection":[{"href":"https:\/\/protecaodacabeca.com.br\/index.php\/wp-json\/wp\/v2\/product"}],"about":[{"href":"https:\/\/protecaodacabeca.com.br\/index.php\/wp-json\/wp\/v2\/types\/product"}],"replies":[{"embeddable":true,"href":"https:\/\/protecaodacabeca.com.br\/index.php\/wp-json\/wp\/v2\/comments?post=381"}],"wp:featuredmedia":[{"embeddable":true,"href":"https:\/\/protecaodacabeca.com.br\/index.php\/wp-json\/wp\/v2\/media\/406"}],"wp:attachment":[{"href":"https:\/\/protecaodacabeca.com.br\/index.php\/wp-json\/wp\/v2\/media?parent=381"}],"wp:term":[{"taxonomy":"product_brand","embeddable":true,"href":"https:\/\/protecaodacabeca.com.br\/index.php\/wp-json\/wp\/v2\/product_brand?post=381"},{"taxonomy":"product_cat","embeddable":true,"href":"https:\/\/protecaodacabeca.com.br\/index.php\/wp-json\/wp\/v2\/product_cat?post=381"},{"taxonomy":"product_tag","embeddable":true,"href":"https:\/\/protecaodacabeca.com.br\/index.php\/wp-json\/wp\/v2\/product_tag?post=381"}],"curies":[{"name":"wp","href":"https:\/\/api.w.org\/{rel}","templated":true}]}}