{"id":379,"date":"2023-09-21T23:21:03","date_gmt":"2023-09-22T02:21:03","guid":{"rendered":"http:\/\/protecaodacabeca.com.br\/\/?post_type=product&#038;p=379"},"modified":"2026-01-07T10:40:19","modified_gmt":"2026-01-07T13:40:19","slug":"bone-com-casquete-legionario-pala-nuca-e-pescoco-fixa-azul-marinho","status":"publish","type":"product","link":"https:\/\/protecaodacabeca.com.br\/index.php\/produto\/bone-com-casquete-legionario-pala-nuca-e-pescoco-fixa-azul-marinho\/","title":{"rendered":"BON\u00c9 COM CASQUETE &#8211; LEGION\u00c1RIO PALA NUCA E PESCO\u00c7O FIXA &#8211; AZUL MARINHO"},"content":{"rendered":"<p>Os Bon\u00e9s com Casquetes BIOPROT\u00a0modelo \u00c1RABE LEGION\u00c1RIO GOLD \u00e9 perfeito para proteger a cabe\u00e7a e pesco\u00e7o contra raios solares e ao mesmo tempo contra prov\u00e1veis impactos dos processos. Al\u00e9m do mais possuem design e qualidade compar\u00e1vel aos modelos importados dispon\u00edveis no mercado Europeu e Americano.<\/p>\n<p><strong>TECIDO<\/strong><\/p>\n<p>Tecido em Microfibra de alta gramatura. \u00d3timo aspecto, maior durabilidade e alta resist\u00eancia aos agentes abrasivos dos processos industriais e as constantes lavagens.<\/p>\n<p><strong>ABA<\/strong><\/p>\n<p>x cm.<\/p>\n<p><strong>PALA<\/strong><\/p>\n<p>PALA WIDE: Pala prote\u00e7\u00e3o nuca e pesco\u00e7o<\/p>\n<p><strong>COR DO TECIDO<\/strong><\/p>\n<p>Azul Marinho<\/p>\n<p><strong>CASQUETE GOLD<\/strong><\/p>\n<p>Remov\u00edvel, Injetado em ABS, pol\u00edmero de alto desempenho e resist\u00eancia. Maior prote\u00e7\u00e3o ao trabalhador contra riscos de escoria\u00e7\u00f5es e agentes abrasivos na cabe\u00e7a, provocadas por impactos e rasp\u00f5es em estruturas e equipamentos.<\/p>\n<p><strong>ESPUMA GOLD<\/strong><\/p>\n<p>A espuma de conforto com relevos que impede que o casquete fique rente a cabe\u00e7a. O layout em &#8220;gomos&#8221; foi desenhado para promover a troca de calor interno. A espuma \u00e9 fixada no casquete atrav\u00e9s de garras. AJUSTE Em velcro proporciona regulagem e fixa\u00e7\u00e3o do bon\u00e9 na cabe\u00e7a.<\/p>\n<p><strong>DRY CONFORT<\/strong><\/p>\n<p>Absorve o suor e impede que a umidade fique em contato com a pele do usu\u00e1rio.<\/p>\n<p><strong>CA 38.352<\/strong><\/p>\n<p><strong>NORMAS APLIC\u00c1VEIS EN 812 e NBR 11.611<\/strong><\/p>\n<p><strong>RAMOS DE ATIVIDADES<\/strong><\/p>\n<p>Agro Bio Energia &#8211; Usinas de Cana de A\u00e7\u00facar &#8211; Agro Industrias &#8211; Processos em \u00e1reas rurais &#8211; Presta\u00e7\u00e3o de servi\u00e7os &#8211; Manuten\u00e7\u00e3o vi\u00e1ria e etc. EXEMPLOS DE<\/p>\n<p><strong>UTILIZA\u00c7\u00c3O<\/strong><\/p>\n<p>\u2022 Prote\u00e7\u00e3o solar e prote\u00e7\u00e3o da cabe\u00e7a contra impactos, abras\u00e3o e escoria\u00e7\u00f5es na cabe\u00e7a;<\/p>\n<p>\u2022 Atividades desenvolvidas em \u00e1reas agr\u00edcolas de usinas, produ\u00e7\u00e3o de gr\u00e3os;<\/p>\n<p>\u2022 Processos com presen\u00e7a de gancheiras, objetos e ou utens\u00edlios suspensos;<\/p>\n<p>\u2022 Prote\u00e7\u00e3o de cabe\u00e7a e nuca em atividades de movimenta\u00e7\u00e3o de cargas de alimentos e ou outros;<\/p>\n","protected":false},"excerpt":{"rendered":"<p>Os Bon\u00e9s com Casquetes BIOPROT modelo \u00c1RABE LEGION\u00c1RIO GOLD \u00e9 perfeito para proteger a cabe\u00e7a e pesco\u00e7o contra raios solares e ao mesmo tempo contra prov\u00e1veis impactos dos processos. Al\u00e9m do mais possuem design e qualidade compar\u00e1vel aos modelos importados dispon\u00edveis no mercado Europeu e Americano.<\/p>\n","protected":false},"featured_media":433,"comment_status":"open","ping_status":"closed","template":"","meta":[],"product_brand":[],"product_cat":[29],"product_tag":[],"class_list":{"0":"post-379","1":"product","2":"type-product","3":"status-publish","4":"has-post-thumbnail","6":"product_cat-bones-com-casquete","8":"first","9":"instock","10":"shipping-taxable","11":"purchasable","12":"product-type-simple"},"_links":{"self":[{"href":"https:\/\/protecaodacabeca.com.br\/index.php\/wp-json\/wp\/v2\/product\/379","targetHints":{"allow":["GET"]}}],"collection":[{"href":"https:\/\/protecaodacabeca.com.br\/index.php\/wp-json\/wp\/v2\/product"}],"about":[{"href":"https:\/\/protecaodacabeca.com.br\/index.php\/wp-json\/wp\/v2\/types\/product"}],"replies":[{"embeddable":true,"href":"https:\/\/protecaodacabeca.com.br\/index.php\/wp-json\/wp\/v2\/comments?post=379"}],"wp:featuredmedia":[{"embeddable":true,"href":"https:\/\/protecaodacabeca.com.br\/index.php\/wp-json\/wp\/v2\/media\/433"}],"wp:attachment":[{"href":"https:\/\/protecaodacabeca.com.br\/index.php\/wp-json\/wp\/v2\/media?parent=379"}],"wp:term":[{"taxonomy":"product_brand","embeddable":true,"href":"https:\/\/protecaodacabeca.com.br\/index.php\/wp-json\/wp\/v2\/product_brand?post=379"},{"taxonomy":"product_cat","embeddable":true,"href":"https:\/\/protecaodacabeca.com.br\/index.php\/wp-json\/wp\/v2\/product_cat?post=379"},{"taxonomy":"product_tag","embeddable":true,"href":"https:\/\/protecaodacabeca.com.br\/index.php\/wp-json\/wp\/v2\/product_tag?post=379"}],"curies":[{"name":"wp","href":"https:\/\/api.w.org\/{rel}","templated":true}]}}